{"id":11,"date":"2024-08-23T09:10:39","date_gmt":"2024-08-23T09:10:39","guid":{"rendered":"https:\/\/santastorres.rkinformatika.online\/?page_id=11"},"modified":"2024-09-03T15:21:22","modified_gmt":"2024-09-03T15:21:22","slug":"servicios","status":"publish","type":"page","link":"https:\/\/santastorres.com\/eus\/servicios\/","title":{"rendered":"Zerbitzuak"},"content":{"rendered":"<div data-elementor-type=\"wp-page\" data-elementor-id=\"11\" class=\"elementor elementor-11\" data-elementor-post-type=\"page\">\n\t\t\t\t\t\t<section class=\"elementor-section elementor-top-section elementor-element elementor-element-5ba71866 elementor-section-height-min-height elementor-section-boxed elementor-section-height-default elementor-section-items-middle\" data-id=\"5ba71866\" data-element_type=\"section\" data-e-type=\"section\" data-settings=\"{&quot;background_background&quot;:&quot;classic&quot;}\">\n\t\t\t\t\t\t\t<div class=\"elementor-background-overlay\"><\/div>\n\t\t\t\t\t\t\t<div class=\"elementor-container elementor-column-gap-default\">\n\t\t\t\t\t<div class=\"elementor-column elementor-col-100 elementor-top-column elementor-element elementor-element-54c7fb3f\" data-id=\"54c7fb3f\" data-element_type=\"column\" data-e-type=\"column\">\n\t\t\t<div class=\"elementor-widget-wrap elementor-element-populated\">\n\t\t\t\t\t\t<div class=\"elementor-element elementor-element-6f0eb576 elementor-invisible elementor-widget elementor-widget-heading\" data-id=\"6f0eb576\" data-element_type=\"widget\" data-e-type=\"widget\" data-settings=\"{&quot;_animation&quot;:&quot;fadeIn&quot;}\" data-widget_type=\"heading.default\">\n\t\t\t\t<div class=\"elementor-widget-container\">\n\t\t\t\t\t<h2 class=\"elementor-heading-title elementor-size-default\">Nuestro Servicios<\/h2>\t\t\t\t<\/div>\n\t\t\t\t<\/div>\n\t\t\t\t<div class=\"elementor-element elementor-element-33bb3890 elementor-icon-list--layout-inline elementor-align-center elementor-list-item-link-full_width elementor-invisible elementor-widget elementor-widget-icon-list\" data-id=\"33bb3890\" data-element_type=\"widget\" data-e-type=\"widget\" data-settings=\"{&quot;_animation&quot;:&quot;fadeIn&quot;,&quot;_animation_delay&quot;:200}\" data-widget_type=\"icon-list.default\">\n\t\t\t\t<div class=\"elementor-widget-container\">\n\t\t\t\t\t\t\t<ul class=\"elementor-icon-list-items elementor-inline-items\">\n\t\t\t\t\t\t\t<li class=\"elementor-icon-list-item elementor-inline-item\">\n\t\t\t\t\t\t\t\t\t\t<span class=\"elementor-icon-list-text\">Hasiera<\/span>\n\t\t\t\t\t\t\t\t\t<\/li>\n\t\t\t\t\t\t\t\t<li class=\"elementor-icon-list-item elementor-inline-item\">\n\t\t\t\t\t\t\t\t\t\t\t<a href=\"https:\/\/santastorres.com\/eus\/servicios\/\">\n\n\t\t\t\t\t\t\t\t\t\t\t\t<span class=\"elementor-icon-list-icon\">\n\t\t\t\t\t\t\t<i aria-hidden=\"true\" class=\"icon icon-play-button\"><\/i>\t\t\t\t\t\t<\/span>\n\t\t\t\t\t\t\t\t\t\t<span class=\"elementor-icon-list-text\">servicios<\/span>\n\t\t\t\t\t\t\t\t\t\t\t<\/a>\n\t\t\t\t\t\t\t\t\t<\/li>\n\t\t\t\t\t\t<\/ul>\n\t\t\t\t\t\t<\/div>\n\t\t\t\t<\/div>\n\t\t\t\t\t<\/div>\n\t\t<\/div>\n\t\t\t\t\t<\/div>\n\t\t<\/section>\n\t\t\t\t<section class=\"elementor-section elementor-top-section elementor-element elementor-element-62c52f04 elementor-reverse-mobile elementor-section-boxed elementor-section-height-default elementor-section-height-default\" data-id=\"62c52f04\" data-element_type=\"section\" data-e-type=\"section\">\n\t\t\t\t\t\t<div class=\"elementor-container elementor-column-gap-default\">\n\t\t\t\t\t<div class=\"elementor-column elementor-col-50 elementor-top-column elementor-element elementor-element-5f91153c elementor-hidden-mobile\" data-id=\"5f91153c\" data-element_type=\"column\" data-e-type=\"column\" data-settings=\"{&quot;background_background&quot;:&quot;classic&quot;}\">\n\t\t\t<div class=\"elementor-widget-wrap\">\n\t\t\t\t\t\t\t<\/div>\n\t\t<\/div>\n\t\t\t\t<div class=\"elementor-column elementor-col-50 elementor-top-column elementor-element elementor-element-3bb318bf\" data-id=\"3bb318bf\" data-element_type=\"column\" data-e-type=\"column\">\n\t\t\t<div class=\"elementor-widget-wrap elementor-element-populated\">\n\t\t\t\t\t\t<div class=\"elementor-element elementor-element-563e18e9 elementor-invisible elementor-widget elementor-widget-heading\" data-id=\"563e18e9\" data-element_type=\"widget\" data-e-type=\"widget\" data-settings=\"{&quot;_animation&quot;:&quot;fadeIn&quot;,&quot;_animation_delay&quot;:200}\" data-widget_type=\"heading.default\">\n\t\t\t\t<div class=\"elementor-widget-container\">\n\t\t\t\t\t<h2 class=\"elementor-heading-title elementor-size-default\">Interior \u00fanico con colores y texturas audaces.<\/h2>\t\t\t\t<\/div>\n\t\t\t\t<\/div>\n\t\t\t\t<div class=\"elementor-element elementor-element-7568ac82 elementor-invisible elementor-widget elementor-widget-text-editor\" data-id=\"7568ac82\" data-element_type=\"widget\" data-e-type=\"widget\" data-settings=\"{&quot;_animation&quot;:&quot;fadeIn&quot;,&quot;_animation_delay&quot;:400}\" data-widget_type=\"text-editor.default\">\n\t\t\t\t<div class=\"elementor-widget-container\">\n\t\t\t\t\t\t\t\t\t<p>En nuestro servicio de reformas y dise\u00f1o de interiores, nos especializamos en revitalizar y transformar tus espacios para que reflejen tu estilo personal y satisfagan tus necesidades funcionales. Ya sea que est\u00e9s buscando renovar una habitaci\u00f3n, remodelar toda tu vivienda o dise\u00f1ar un espacio comercial, nuestro equipo de expertos est\u00e1 aqu\u00ed para ayudarte en cada paso del proceso.<\/p>\t\t\t\t\t\t\t\t<\/div>\n\t\t\t\t<\/div>\n\t\t\t\t<div class=\"elementor-element elementor-element-4315a908 elementor-icon-list--layout-traditional elementor-list-item-link-full_width elementor-invisible elementor-widget elementor-widget-icon-list\" data-id=\"4315a908\" data-element_type=\"widget\" data-e-type=\"widget\" data-settings=\"{&quot;_animation&quot;:&quot;fadeIn&quot;,&quot;_animation_delay&quot;:600}\" data-widget_type=\"icon-list.default\">\n\t\t\t\t<div class=\"elementor-widget-container\">\n\t\t\t\t\t\t\t<ul class=\"elementor-icon-list-items\">\n\t\t\t\t\t\t\t<li class=\"elementor-icon-list-item\">\n\t\t\t\t\t\t\t\t\t\t\t<span class=\"elementor-icon-list-icon\">\n\t\t\t\t\t\t\t<i aria-hidden=\"true\" class=\"icon icon-tick\"><\/i>\t\t\t\t\t\t<\/span>\n\t\t\t\t\t\t\t\t\t\t<span class=\"elementor-icon-list-text\">Gesti\u00f3n de Reformas<\/span>\n\t\t\t\t\t\t\t\t\t<\/li>\n\t\t\t\t\t\t\t\t<li class=\"elementor-icon-list-item\">\n\t\t\t\t\t\t\t\t\t\t\t<span class=\"elementor-icon-list-icon\">\n\t\t\t\t\t\t\t<i aria-hidden=\"true\" class=\"icon icon-tick\"><\/i>\t\t\t\t\t\t<\/span>\n\t\t\t\t\t\t\t\t\t\t<span class=\"elementor-icon-list-text\">Renovaci\u00f3n de Espacios<\/span>\n\t\t\t\t\t\t\t\t\t<\/li>\n\t\t\t\t\t\t\t\t<li class=\"elementor-icon-list-item\">\n\t\t\t\t\t\t\t\t\t\t\t<span class=\"elementor-icon-list-icon\">\n\t\t\t\t\t\t\t<i aria-hidden=\"true\" class=\"icon icon-tick\"><\/i>\t\t\t\t\t\t<\/span>\n\t\t\t\t\t\t\t\t\t\t<span class=\"elementor-icon-list-text\">Dise\u00f1o de Interiores<\/span>\n\t\t\t\t\t\t\t\t\t<\/li>\n\t\t\t\t\t\t<\/ul>\n\t\t\t\t\t\t<\/div>\n\t\t\t\t<\/div>\n\t\t\t\t\t<\/div>\n\t\t<\/div>\n\t\t\t\t\t<\/div>\n\t\t<\/section>\n\t\t\t\t<section class=\"elementor-section elementor-top-section elementor-element elementor-element-6c1cf63e elementor-section-boxed elementor-section-height-default elementor-section-height-default\" data-id=\"6c1cf63e\" data-element_type=\"section\" data-e-type=\"section\" data-settings=\"{&quot;background_background&quot;:&quot;classic&quot;}\">\n\t\t\t\t\t\t\t<div class=\"elementor-background-overlay\"><\/div>\n\t\t\t\t\t\t\t<div class=\"elementor-container elementor-column-gap-default\">\n\t\t\t\t\t<div class=\"elementor-column elementor-col-100 elementor-top-column elementor-element elementor-element-748e8dbe\" data-id=\"748e8dbe\" data-element_type=\"column\" data-e-type=\"column\">\n\t\t\t<div class=\"elementor-widget-wrap elementor-element-populated\">\n\t\t\t\t\t\t<div class=\"elementor-element elementor-element-feb3de3 elementor-widget elementor-widget-heading\" data-id=\"feb3de3\" data-element_type=\"widget\" data-e-type=\"widget\" data-widget_type=\"heading.default\">\n\t\t\t\t<div class=\"elementor-widget-container\">\n\t\t\t\t\t<h2 class=\"elementor-heading-title elementor-size-default\">Cont\u00e1ctanos hoy <br>para comenzar a transformar<br> tu espacio en el lugar de tus sue\u00f1os.<\/h2>\t\t\t\t<\/div>\n\t\t\t\t<\/div>\n\t\t\t\t\t<\/div>\n\t\t<\/div>\n\t\t\t\t\t<\/div>\n\t\t<\/section>\n\t\t\t\t<section class=\"elementor-section elementor-top-section elementor-element elementor-element-260a30a1 elementor-section-boxed elementor-section-height-default elementor-section-height-default\" data-id=\"260a30a1\" data-element_type=\"section\" data-e-type=\"section\">\n\t\t\t\t\t\t<div class=\"elementor-container elementor-column-gap-default\">\n\t\t\t\t\t<div class=\"elementor-column elementor-col-100 elementor-top-column elementor-element elementor-element-476f2148\" data-id=\"476f2148\" data-element_type=\"column\" data-e-type=\"column\">\n\t\t\t<div class=\"elementor-widget-wrap elementor-element-populated\">\n\t\t\t\t\t\t<div class=\"elementor-element elementor-element-1d00926c elementor-invisible elementor-widget elementor-widget-heading\" data-id=\"1d00926c\" data-element_type=\"widget\" data-e-type=\"widget\" data-settings=\"{&quot;_animation&quot;:&quot;fadeIn&quot;,&quot;_animation_delay&quot;:200}\" data-widget_type=\"heading.default\">\n\t\t\t\t<div class=\"elementor-widget-container\">\n\t\t\t\t\t<h2 class=\"elementor-heading-title elementor-size-default\">Adorn\u00e1ndote en cada borde<\/h2>\t\t\t\t<\/div>\n\t\t\t\t<\/div>\n\t\t\t\t<section class=\"elementor-section elementor-inner-section elementor-element elementor-element-2ab9ec55 elementor-section-boxed elementor-section-height-default elementor-section-height-default\" data-id=\"2ab9ec55\" data-element_type=\"section\" data-e-type=\"section\">\n\t\t\t\t\t\t<div class=\"elementor-container elementor-column-gap-default\">\n\t\t\t\t\t<div class=\"elementor-column elementor-col-25 elementor-inner-column elementor-element elementor-element-69c96a6d elementor-invisible\" data-id=\"69c96a6d\" data-element_type=\"column\" data-e-type=\"column\" data-settings=\"{&quot;animation&quot;:&quot;fadeIn&quot;,&quot;animation_delay&quot;:400}\">\n\t\t\t<div class=\"elementor-widget-wrap elementor-element-populated\">\n\t\t\t\t\t\t<div class=\"elementor-element elementor-element-38170a2c elementor-position-top elementor-position-top elementor-widget elementor-widget-image-box\" data-id=\"38170a2c\" data-element_type=\"widget\" data-e-type=\"widget\" data-widget_type=\"image-box.default\">\n\t\t\t\t<div class=\"elementor-widget-container\">\n\t\t\t\t\t<div class=\"elementor-image-box-wrapper\"><figure class=\"elementor-image-box-img\"><img decoding=\"async\" src=\"https:\/\/santastorres.com\/wp-content\/uploads\/elementor\/thumbs\/20210119_110936-mikel-santas-scaled-qt1aj9x5e1my4kfb5fw7ab6fggesdg9yshp9a6pt2o.jpg\" title=\"20210119_110936 &#8211; mikel santas\" alt=\"20210119_110936 - mikel santas\" class=\"elementor-animation-bob\" loading=\"lazy\" \/><\/figure><div class=\"elementor-image-box-content\"><h4 class=\"elementor-image-box-title\">Obrak eta proiektuak<\/h4><p class=\"elementor-image-box-description\">Ofrecemos un servicio integral desde el inicio, asesorando al cliente y planteando el proyecto conjuntamente en funci\u00f3n de las necesidades y ejecutando la obra personalizada hasta su finalizaci\u00f3n.  <\/p><\/div><\/div>\t\t\t\t<\/div>\n\t\t\t\t<\/div>\n\t\t\t\t\t<\/div>\n\t\t<\/div>\n\t\t\t\t<div class=\"elementor-column elementor-col-25 elementor-inner-column elementor-element elementor-element-a6dca8e elementor-invisible\" data-id=\"a6dca8e\" data-element_type=\"column\" data-e-type=\"column\" data-settings=\"{&quot;animation&quot;:&quot;fadeIn&quot;,&quot;animation_delay&quot;:400}\">\n\t\t\t<div class=\"elementor-widget-wrap elementor-element-populated\">\n\t\t\t\t\t\t<div class=\"elementor-element elementor-element-6dffad9 elementor-position-top elementor-position-top elementor-widget elementor-widget-image-box\" data-id=\"6dffad9\" data-element_type=\"widget\" data-e-type=\"widget\" data-widget_type=\"image-box.default\">\n\t\t\t\t<div class=\"elementor-widget-container\">\n\t\t\t\t\t<div class=\"elementor-image-box-wrapper\"><figure class=\"elementor-image-box-img\"><img decoding=\"async\" src=\"https:\/\/santastorres.com\/wp-content\/uploads\/elementor\/thumbs\/compressed__DSC3315-mikel-santas-scaled-qt1anh95yde41sbhlrb4xqzn3hovspyr1aqfjqhf8w.jpg\" title=\"compressed__DSC3315 &#8211; mikel santas\" alt=\"compressed__DSC3315 - mikel santas\" class=\"elementor-animation-bob\" loading=\"lazy\" \/><\/figure><div class=\"elementor-image-box-content\"><h4 class=\"elementor-image-box-title\">Obren kudeaketa<\/h4><p class=\"elementor-image-box-description\">Coordinamos todos los aspectos de la obra, desde la contrataci\u00f3n de contratistas hasta la supervisi\u00f3n de las obras. Nos aseguramos de que cada fase del proyecto se ejecute con precisi\u00f3n y eficiencia, respetando los plazos y el presupuesto acordado.<\/p><\/div><\/div>\t\t\t\t<\/div>\n\t\t\t\t<\/div>\n\t\t\t\t\t<\/div>\n\t\t<\/div>\n\t\t\t\t<div class=\"elementor-column elementor-col-25 elementor-inner-column elementor-element elementor-element-559e91e1 elementor-invisible\" data-id=\"559e91e1\" data-element_type=\"column\" data-e-type=\"column\" data-settings=\"{&quot;animation&quot;:&quot;fadeIn&quot;,&quot;animation_delay&quot;:400}\">\n\t\t\t<div class=\"elementor-widget-wrap elementor-element-populated\">\n\t\t\t\t\t\t<div class=\"elementor-element elementor-element-40fb0d50 elementor-position-top elementor-position-top elementor-widget elementor-widget-image-box\" data-id=\"40fb0d50\" data-element_type=\"widget\" data-e-type=\"widget\" data-widget_type=\"image-box.default\">\n\t\t\t\t<div class=\"elementor-widget-container\">\n\t\t\t\t\t<div class=\"elementor-image-box-wrapper\"><figure class=\"elementor-image-box-img\"><img decoding=\"async\" src=\"https:\/\/santastorres.com\/wp-content\/uploads\/elementor\/thumbs\/20201217_090629-scaled-qtif7c0ivvud41loeje9t7bazr5e6yyvokspeegwa8.jpg\" title=\"20201217_090629\" alt=\"20201217_090629\" class=\"elementor-animation-bob\" loading=\"lazy\" \/><\/figure><div class=\"elementor-image-box-content\"><h4 class=\"elementor-image-box-title\">Renovaci\u00f3n de Espacios<\/h4><p class=\"elementor-image-box-description\">Realizamos reformas integrales que abarcan desde cambios estructurales y de distribuci\u00f3n hasta la actualizaci\u00f3n de acabados y decoraci\u00f3n. Transformamos cualquier \u00e1rea, ya sea una cocina moderna, un ba\u00f1o elegante o una sala de estar acogedora.<\/p><\/div><\/div>\t\t\t\t<\/div>\n\t\t\t\t<\/div>\n\t\t\t\t\t<\/div>\n\t\t<\/div>\n\t\t\t\t<div class=\"elementor-column elementor-col-25 elementor-inner-column elementor-element elementor-element-6e958740 elementor-invisible\" data-id=\"6e958740\" data-element_type=\"column\" data-e-type=\"column\" data-settings=\"{&quot;animation&quot;:&quot;fadeIn&quot;,&quot;animation_delay&quot;:400}\">\n\t\t\t<div class=\"elementor-widget-wrap elementor-element-populated\">\n\t\t\t\t\t\t<div class=\"elementor-element elementor-element-58c8fedd elementor-position-top elementor-position-top elementor-widget elementor-widget-image-box\" data-id=\"58c8fedd\" data-element_type=\"widget\" data-e-type=\"widget\" data-widget_type=\"image-box.default\">\n\t\t\t\t<div class=\"elementor-widget-container\">\n\t\t\t\t\t<div class=\"elementor-image-box-wrapper\"><figure class=\"elementor-image-box-img\"><img decoding=\"async\" src=\"https:\/\/santastorres.com\/wp-content\/uploads\/elementor\/thumbs\/WhatsApp-Image-2021-02-18-at-11.14.35-mikel-santas-qt1ajemcc7tdqm8hdzxc4rzqfdrmfxsmh4yookiu7k.jpeg\" title=\"WhatsApp Image 2021-02-18 at 11.14.35 &#8211; mikel santas\" alt=\"WhatsApp Image 2021-02-18 at 11.14.35 - mikel santas\" class=\"elementor-animation-bob\" loading=\"lazy\" \/><\/figure><div class=\"elementor-image-box-content\"><h4 class=\"elementor-image-box-title\">Dise\u00f1o de Interiores<\/h4><p class=\"elementor-image-box-description\">Dise\u00f1amos espacios interiores que no solo son visualmente atractivos, sino tambi\u00e9n funcionales. Seleccionamos muebles, accesorios y elementos decorativos que complementen tu estilo y maximicen la comodidad y la utilidad del espacio.<\/p><\/div><\/div>\t\t\t\t<\/div>\n\t\t\t\t<\/div>\n\t\t\t\t\t<\/div>\n\t\t<\/div>\n\t\t\t\t\t<\/div>\n\t\t<\/section>\n\t\t\t\t\t<\/div>\n\t\t<\/div>\n\t\t\t\t\t<\/div>\n\t\t<\/section>\n\t\t\t\t<\/div>","protected":false},"excerpt":{"rendered":"<p>Nuestro Servicios Inicio servicios Interior \u00fanico con colores y texturas audaces. En nuestro servicio de reformas y dise\u00f1o de interiores, nos especializamos en revitalizar y transformar tus espacios para que reflejen tu estilo personal y satisfagan tus necesidades funcionales. Ya sea que est\u00e9s buscando renovar una habitaci\u00f3n, remodelar toda tu vivienda o dise\u00f1ar un espacio [&hellip;]<\/p>\n","protected":false},"author":1,"featured_media":0,"parent":0,"menu_order":0,"comment_status":"closed","ping_status":"closed","template":"elementor_canvas","meta":{"footnotes":""},"class_list":["post-11","page","type-page","status-publish","hentry"],"yoast_head":"<!-- This site is optimized with the Yoast SEO plugin v27.3 - https:\/\/yoast.com\/product\/yoast-seo-wordpress\/ -->\n<title>Servicios - santas torres obras y proyectos<\/title>\n<meta name=\"robots\" content=\"index, follow, max-snippet:-1, max-image-preview:large, max-video-preview:-1\" \/>\n<link rel=\"canonical\" href=\"https:\/\/santastorres.com\/eus\/servicios\/\" \/>\n<meta property=\"og:locale\" content=\"en_US\" \/>\n<meta property=\"og:type\" content=\"article\" \/>\n<meta property=\"og:title\" content=\"Servicios - santas torres obras y proyectos\" \/>\n<meta property=\"og:description\" content=\"Nuestro Servicios Inicio servicios Interior \u00fanico con colores y texturas audaces. En nuestro servicio de reformas y dise\u00f1o de interiores, nos especializamos en revitalizar y transformar tus espacios para que reflejen tu estilo personal y satisfagan tus necesidades funcionales. Ya sea que est\u00e9s buscando renovar una habitaci\u00f3n, remodelar toda tu vivienda o dise\u00f1ar un espacio [&hellip;]\" \/>\n<meta property=\"og:url\" content=\"https:\/\/santastorres.com\/eus\/servicios\/\" \/>\n<meta property=\"og:site_name\" content=\"santas torres obras y proyectos\" \/>\n<meta property=\"article:modified_time\" content=\"2024-09-03T15:21:22+00:00\" \/>\n<meta property=\"og:image\" content=\"https:\/\/santastorres.com\/wp-content\/uploads\/elementor\/thumbs\/20210119_110936-mikel-santas-scaled-qt1aj9x5e1my4kfb5fw7ab6fggesdg9yshp9a6pt2o.jpg\" \/>\n<meta name=\"twitter:card\" content=\"summary_large_image\" \/>\n<meta name=\"twitter:label1\" content=\"Est. reading time\" \/>\n\t<meta name=\"twitter:data1\" content=\"2 minutua\" \/>\n<script type=\"application\/ld+json\" class=\"yoast-schema-graph\">{\"@context\":\"https:\\\/\\\/schema.org\",\"@graph\":[{\"@type\":\"WebPage\",\"@id\":\"https:\\\/\\\/santastorres.com\\\/servicios\\\/\",\"url\":\"https:\\\/\\\/santastorres.com\\\/servicios\\\/\",\"name\":\"Servicios - santas torres obras y proyectos\",\"isPartOf\":{\"@id\":\"https:\\\/\\\/santastorres.com\\\/#website\"},\"primaryImageOfPage\":{\"@id\":\"https:\\\/\\\/santastorres.com\\\/servicios\\\/#primaryimage\"},\"image\":{\"@id\":\"https:\\\/\\\/santastorres.com\\\/servicios\\\/#primaryimage\"},\"thumbnailUrl\":\"https:\\\/\\\/santastorres.com\\\/wp-content\\\/uploads\\\/elementor\\\/thumbs\\\/20210119_110936-mikel-santas-scaled-qt1aj9x5e1my4kfb5fw7ab6fggesdg9yshp9a6pt2o.jpg\",\"datePublished\":\"2024-08-23T09:10:39+00:00\",\"dateModified\":\"2024-09-03T15:21:22+00:00\",\"breadcrumb\":{\"@id\":\"https:\\\/\\\/santastorres.com\\\/servicios\\\/#breadcrumb\"},\"inLanguage\":\"eu\",\"potentialAction\":[{\"@type\":\"ReadAction\",\"target\":[\"https:\\\/\\\/santastorres.com\\\/servicios\\\/\"]}]},{\"@type\":\"ImageObject\",\"inLanguage\":\"eu\",\"@id\":\"https:\\\/\\\/santastorres.com\\\/servicios\\\/#primaryimage\",\"url\":\"https:\\\/\\\/santastorres.com\\\/wp-content\\\/uploads\\\/elementor\\\/thumbs\\\/20210119_110936-mikel-santas-scaled-qt1aj9x5e1my4kfb5fw7ab6fggesdg9yshp9a6pt2o.jpg\",\"contentUrl\":\"https:\\\/\\\/santastorres.com\\\/wp-content\\\/uploads\\\/elementor\\\/thumbs\\\/20210119_110936-mikel-santas-scaled-qt1aj9x5e1my4kfb5fw7ab6fggesdg9yshp9a6pt2o.jpg\"},{\"@type\":\"BreadcrumbList\",\"@id\":\"https:\\\/\\\/santastorres.com\\\/servicios\\\/#breadcrumb\",\"itemListElement\":[{\"@type\":\"ListItem\",\"position\":1,\"name\":\"Portada\",\"item\":\"https:\\\/\\\/santastorres.com\\\/\"},{\"@type\":\"ListItem\",\"position\":2,\"name\":\"Servicios\"}]},{\"@type\":\"WebSite\",\"@id\":\"https:\\\/\\\/santastorres.com\\\/#website\",\"url\":\"https:\\\/\\\/santastorres.com\\\/\",\"name\":\"santas torres obras y proyectos\",\"description\":\"\",\"publisher\":{\"@id\":\"https:\\\/\\\/santastorres.com\\\/#organization\"},\"potentialAction\":[{\"@type\":\"SearchAction\",\"target\":{\"@type\":\"EntryPoint\",\"urlTemplate\":\"https:\\\/\\\/santastorres.com\\\/?s={search_term_string}\"},\"query-input\":{\"@type\":\"PropertyValueSpecification\",\"valueRequired\":true,\"valueName\":\"search_term_string\"}}],\"inLanguage\":\"eu\"},{\"@type\":\"Organization\",\"@id\":\"https:\\\/\\\/santastorres.com\\\/#organization\",\"name\":\"santas torres obras y proyectos\",\"url\":\"https:\\\/\\\/santastorres.com\\\/\",\"logo\":{\"@type\":\"ImageObject\",\"inLanguage\":\"eu\",\"@id\":\"https:\\\/\\\/santastorres.com\\\/#\\\/schema\\\/logo\\\/image\\\/\",\"url\":\"https:\\\/\\\/santastorres.com\\\/wp-content\\\/uploads\\\/2024\\\/08\\\/cropped-Captura-desde-2024-08-23-11-57-28.png\",\"contentUrl\":\"https:\\\/\\\/santastorres.com\\\/wp-content\\\/uploads\\\/2024\\\/08\\\/cropped-Captura-desde-2024-08-23-11-57-28.png\",\"width\":680,\"height\":418,\"caption\":\"santas torres obras y proyectos\"},\"image\":{\"@id\":\"https:\\\/\\\/santastorres.com\\\/#\\\/schema\\\/logo\\\/image\\\/\"}}]}<\/script>\n<!-- \/ Yoast SEO plugin. -->","yoast_head_json":{"title":"Servicios - santas torres obras y proyectos","robots":{"index":"index","follow":"follow","max-snippet":"max-snippet:-1","max-image-preview":"max-image-preview:large","max-video-preview":"max-video-preview:-1"},"canonical":"https:\/\/santastorres.com\/eus\/servicios\/","og_locale":"en_US","og_type":"article","og_title":"Servicios - santas torres obras y proyectos","og_description":"Nuestro Servicios Inicio servicios Interior \u00fanico con colores y texturas audaces. En nuestro servicio de reformas y dise\u00f1o de interiores, nos especializamos en revitalizar y transformar tus espacios para que reflejen tu estilo personal y satisfagan tus necesidades funcionales. Ya sea que est\u00e9s buscando renovar una habitaci\u00f3n, remodelar toda tu vivienda o dise\u00f1ar un espacio [&hellip;]","og_url":"https:\/\/santastorres.com\/eus\/servicios\/","og_site_name":"santas torres obras y proyectos","article_modified_time":"2024-09-03T15:21:22+00:00","og_image":[{"url":"https:\/\/santastorres.com\/wp-content\/uploads\/elementor\/thumbs\/20210119_110936-mikel-santas-scaled-qt1aj9x5e1my4kfb5fw7ab6fggesdg9yshp9a6pt2o.jpg","type":"","width":"","height":""}],"twitter_card":"summary_large_image","twitter_misc":{"Est. reading time":"2 minutua"},"schema":{"@context":"https:\/\/schema.org","@graph":[{"@type":"WebPage","@id":"https:\/\/santastorres.com\/servicios\/","url":"https:\/\/santastorres.com\/servicios\/","name":"Servicios - santas torres obras y proyectos","isPartOf":{"@id":"https:\/\/santastorres.com\/#website"},"primaryImageOfPage":{"@id":"https:\/\/santastorres.com\/servicios\/#primaryimage"},"image":{"@id":"https:\/\/santastorres.com\/servicios\/#primaryimage"},"thumbnailUrl":"https:\/\/santastorres.com\/wp-content\/uploads\/elementor\/thumbs\/20210119_110936-mikel-santas-scaled-qt1aj9x5e1my4kfb5fw7ab6fggesdg9yshp9a6pt2o.jpg","datePublished":"2024-08-23T09:10:39+00:00","dateModified":"2024-09-03T15:21:22+00:00","breadcrumb":{"@id":"https:\/\/santastorres.com\/servicios\/#breadcrumb"},"inLanguage":"eu","potentialAction":[{"@type":"ReadAction","target":["https:\/\/santastorres.com\/servicios\/"]}]},{"@type":"ImageObject","inLanguage":"eu","@id":"https:\/\/santastorres.com\/servicios\/#primaryimage","url":"https:\/\/santastorres.com\/wp-content\/uploads\/elementor\/thumbs\/20210119_110936-mikel-santas-scaled-qt1aj9x5e1my4kfb5fw7ab6fggesdg9yshp9a6pt2o.jpg","contentUrl":"https:\/\/santastorres.com\/wp-content\/uploads\/elementor\/thumbs\/20210119_110936-mikel-santas-scaled-qt1aj9x5e1my4kfb5fw7ab6fggesdg9yshp9a6pt2o.jpg"},{"@type":"BreadcrumbList","@id":"https:\/\/santastorres.com\/servicios\/#breadcrumb","itemListElement":[{"@type":"ListItem","position":1,"name":"Portada","item":"https:\/\/santastorres.com\/"},{"@type":"ListItem","position":2,"name":"Servicios"}]},{"@type":"WebSite","@id":"https:\/\/santastorres.com\/#website","url":"https:\/\/santastorres.com\/","name":"santas torres obras y proyectos","description":"","publisher":{"@id":"https:\/\/santastorres.com\/#organization"},"potentialAction":[{"@type":"SearchAction","target":{"@type":"EntryPoint","urlTemplate":"https:\/\/santastorres.com\/?s={search_term_string}"},"query-input":{"@type":"PropertyValueSpecification","valueRequired":true,"valueName":"search_term_string"}}],"inLanguage":"eu"},{"@type":"Organization","@id":"https:\/\/santastorres.com\/#organization","name":"santas torres obras y proyectos","url":"https:\/\/santastorres.com\/","logo":{"@type":"ImageObject","inLanguage":"eu","@id":"https:\/\/santastorres.com\/#\/schema\/logo\/image\/","url":"https:\/\/santastorres.com\/wp-content\/uploads\/2024\/08\/cropped-Captura-desde-2024-08-23-11-57-28.png","contentUrl":"https:\/\/santastorres.com\/wp-content\/uploads\/2024\/08\/cropped-Captura-desde-2024-08-23-11-57-28.png","width":680,"height":418,"caption":"santas torres obras y proyectos"},"image":{"@id":"https:\/\/santastorres.com\/#\/schema\/logo\/image\/"}}]}},"_links":{"self":[{"href":"https:\/\/santastorres.com\/eus\/wp-json\/wp\/v2\/pages\/11","targetHints":{"allow":["GET"]}}],"collection":[{"href":"https:\/\/santastorres.com\/eus\/wp-json\/wp\/v2\/pages"}],"about":[{"href":"https:\/\/santastorres.com\/eus\/wp-json\/wp\/v2\/types\/page"}],"author":[{"embeddable":true,"href":"https:\/\/santastorres.com\/eus\/wp-json\/wp\/v2\/users\/1"}],"replies":[{"embeddable":true,"href":"https:\/\/santastorres.com\/eus\/wp-json\/wp\/v2\/comments?post=11"}],"version-history":[{"count":367,"href":"https:\/\/santastorres.com\/eus\/wp-json\/wp\/v2\/pages\/11\/revisions"}],"predecessor-version":[{"id":2060,"href":"https:\/\/santastorres.com\/eus\/wp-json\/wp\/v2\/pages\/11\/revisions\/2060"}],"wp:attachment":[{"href":"https:\/\/santastorres.com\/eus\/wp-json\/wp\/v2\/media?parent=11"}],"curies":[{"name":"wp","href":"https:\/\/api.w.org\/{rel}","templated":true}]}}